{"id":1662,"date":"2026-02-17T00:14:24","date_gmt":"2026-02-16T23:14:24","guid":{"rendered":"https:\/\/ital2.org\/test\/?page_id=1662"},"modified":"2026-03-14T16:03:53","modified_gmt":"2026-03-14T15:03:53","slug":"il-giocabolario","status":"publish","type":"page","link":"https:\/\/ital2.org\/test\/il-giocabolario\/","title":{"rendered":"Il Giocabolario"},"content":{"rendered":"\t\t<div data-elementor-type=\"wp-page\" data-elementor-id=\"1662\" class=\"elementor elementor-1662\" data-elementor-post-type=\"page\">\n\t\t\t\t<div class=\"elementor-element elementor-element-efb814c e-flex e-con-boxed e-con e-parent\" data-id=\"efb814c\" data-element_type=\"container\" data-e-type=\"container\">\n\t\t\t\t\t<div class=\"e-con-inner\">\n\t\t\t\t<div class=\"elementor-element elementor-element-0acbc5b elementor-widget elementor-widget-heading\" data-id=\"0acbc5b\" data-element_type=\"widget\" data-e-type=\"widget\" data-widget_type=\"heading.default\">\n\t\t\t\t<div class=\"elementor-widget-container\">\n\t\t\t\t\t<h2 class=\"elementor-heading-title elementor-size-default\">GIOCABOLARIO<\/h2>\t\t\t\t<\/div>\n\t\t\t\t<\/div>\n\t\t\t\t\t<\/div>\n\t\t\t\t<\/div>\n\t\t<div class=\"elementor-element elementor-element-8bc312a e-flex e-con-boxed e-con e-parent\" data-id=\"8bc312a\" data-element_type=\"container\" data-e-type=\"container\">\n\t\t\t\t\t<div class=\"e-con-inner\">\n\t\t\t\t<div class=\"elementor-element elementor-element-1febd1f elementor-widget-divider--view-line elementor-widget elementor-widget-divider\" data-id=\"1febd1f\" data-element_type=\"widget\" data-e-type=\"widget\" data-widget_type=\"divider.default\">\n\t\t\t\t<div class=\"elementor-widget-container\">\n\t\t\t\t\t\t\t<div class=\"elementor-divider\">\n\t\t\t<span class=\"elementor-divider-separator\">\n\t\t\t\t\t\t<\/span>\n\t\t<\/div>\n\t\t\t\t\t\t<\/div>\n\t\t\t\t<\/div>\n\t\t\t\t\t<\/div>\n\t\t\t\t<\/div>\n\t\t<div class=\"elementor-element elementor-element-c53c5e5 e-flex e-con-boxed e-con e-parent\" data-id=\"c53c5e5\" data-element_type=\"container\" data-e-type=\"container\">\n\t\t\t\t\t<div class=\"e-con-inner\">\n\t\t\t\t<div class=\"elementor-element elementor-element-72ab04f elementor-widget elementor-widget-text-editor\" data-id=\"72ab04f\" data-element_type=\"widget\" data-e-type=\"widget\" data-widget_type=\"text-editor.default\">\n\t\t\t\t<div class=\"elementor-widget-container\">\n\t\t\t\t\t\t\t\t\t<p class=\"p1\">BENVENUTI E BENVENUTE<\/p><p class=\"p1\">GIOCABOLARIO \u00e8 un sito dedicato a bambini e bambine dai 3 ai 5 ann e alle loro famiglie, \u00e8 ricco di attivit\u00e0 digitali che stimolano la comprensione e l\u2019uso della lingua italiana. Seguendo il percorso organizzato impariamo a giocare e a parlare.<\/p><p class=\"p1\">Buon divertimento.<\/p>\t\t\t\t\t\t\t\t<\/div>\n\t\t\t\t<\/div>\n\t\t\t\t\t<\/div>\n\t\t\t\t<\/div>\n\t\t<div class=\"elementor-element elementor-element-4d0ce7f e-flex e-con-boxed e-con e-parent\" data-id=\"4d0ce7f\" data-element_type=\"container\" data-e-type=\"container\">\n\t\t\t\t\t<div class=\"e-con-inner\">\n\t\t<div class=\"elementor-element elementor-element-01de086 e-con-full e-flex e-con e-child\" data-id=\"01de086\" data-element_type=\"container\" data-e-type=\"container\">\n\t\t\t\t<div class=\"elementor-element elementor-element-d07771b elementor-widget elementor-widget-image\" data-id=\"d07771b\" data-element_type=\"widget\" data-e-type=\"widget\" data-widget_type=\"image.default\">\n\t\t\t\t<div class=\"elementor-widget-container\">\n\t\t\t\t\t\t\t\t\t\t\t\t\t\t\t<img fetchpriority=\"high\" decoding=\"async\" width=\"700\" height=\"446\" src=\"https:\/\/ital2.org\/test\/wp-content\/uploads\/sites\/33\/2026\/02\/Schermata-2026-02-17-alle-15.58.46.png\" class=\"attachment-full size-full wp-image-1736\" alt=\"\" srcset=\"https:\/\/ital2.org\/test\/wp-content\/uploads\/sites\/33\/2026\/02\/Schermata-2026-02-17-alle-15.58.46.png 700w, https:\/\/ital2.org\/test\/wp-content\/uploads\/sites\/33\/2026\/02\/Schermata-2026-02-17-alle-15.58.46-300x191.png 300w\" sizes=\"(max-width: 700px) 100vw, 700px\" \/>\t\t\t\t\t\t\t\t\t\t\t\t\t\t\t<\/div>\n\t\t\t\t<\/div>\n\t\t\t\t<\/div>\n\t\t<div class=\"elementor-element elementor-element-8e16397 e-con-full e-flex e-con e-child\" data-id=\"8e16397\" data-element_type=\"container\" data-e-type=\"container\">\n\t\t\t\t<div class=\"elementor-element elementor-element-ccc6dc2 elementor-widget elementor-widget-text-editor\" data-id=\"ccc6dc2\" data-element_type=\"widget\" data-e-type=\"widget\" data-widget_type=\"text-editor.default\">\n\t\t\t\t<div class=\"elementor-widget-container\">\n\t\t\t\t\t\t\t\t\t<h1 class=\"entry-title\">LA MIA CASA<\/h1><div class=\"entry-meta\"><span class=\"posted-on\"><time class=\"entry-date published\" datetime=\"2021-08-30T18:22:48+02:00\">30 Agosto 2021<\/time><\/span>\u00a0<span class=\"byline\">di\u00a0<span class=\"author vcard\"><a class=\"url fn n\" title=\"Visualizza tutti gli articoli di Federico\" href=\"https:\/\/ital2.org\/author\/federicoalbertini\/\" rel=\"author\"><span class=\"author-name\">Federico<\/span><\/a><\/span><\/span><\/div>\t\t\t\t\t\t\t\t<\/div>\n\t\t\t\t<\/div>\n\t\t\t\t<\/div>\n\t\t<div class=\"elementor-element elementor-element-360af56 e-con-full e-flex e-con e-child\" data-id=\"360af56\" data-element_type=\"container\" data-e-type=\"container\">\n\t\t\t\t<div class=\"elementor-element elementor-element-2988647 elementor-align-center elementor-widget elementor-widget-button\" data-id=\"2988647\" data-element_type=\"widget\" data-e-type=\"widget\" data-widget_type=\"button.default\">\n\t\t\t\t<div class=\"elementor-widget-container\">\n\t\t\t\t\t\t\t\t\t<div class=\"elementor-button-wrapper\">\n\t\t\t\t\t<a class=\"elementor-button elementor-button-link elementor-size-sm\" href=\"https:\/\/ital2.org\/test\/2026\/02\/22\/la-mia-casa\/\">\n\t\t\t\t\t\t<span class=\"elementor-button-content-wrapper\">\n\t\t\t\t\t\t\t\t\t<span class=\"elementor-button-text\">ATTIVIT\u00c0 1<\/span>\n\t\t\t\t\t<\/span>\n\t\t\t\t\t<\/a>\n\t\t\t\t<\/div>\n\t\t\t\t\t\t\t\t<\/div>\n\t\t\t\t<\/div>\n\t\t\t\t<\/div>\n\t\t\t\t\t<\/div>\n\t\t\t\t<\/div>\n\t\t<div class=\"elementor-element elementor-element-12d8e14 e-flex e-con-boxed e-con e-parent\" data-id=\"12d8e14\" data-element_type=\"container\" data-e-type=\"container\">\n\t\t\t\t\t<div class=\"e-con-inner\">\n\t\t<div class=\"elementor-element elementor-element-0958c0f e-con-full e-flex e-con e-child\" data-id=\"0958c0f\" data-element_type=\"container\" data-e-type=\"container\">\n\t\t\t\t<div class=\"elementor-element elementor-element-1c3c5f9 elementor-widget elementor-widget-image\" data-id=\"1c3c5f9\" data-element_type=\"widget\" data-e-type=\"widget\" data-widget_type=\"image.default\">\n\t\t\t\t<div class=\"elementor-widget-container\">\n\t\t\t\t\t\t\t\t\t\t\t\t\t\t\t<img decoding=\"async\" width=\"702\" height=\"442\" src=\"https:\/\/ital2.org\/test\/wp-content\/uploads\/sites\/33\/2026\/02\/Schermata-2026-02-17-alle-15.59.51.png\" class=\"attachment-full size-full wp-image-1737\" alt=\"\" srcset=\"https:\/\/ital2.org\/test\/wp-content\/uploads\/sites\/33\/2026\/02\/Schermata-2026-02-17-alle-15.59.51.png 702w, https:\/\/ital2.org\/test\/wp-content\/uploads\/sites\/33\/2026\/02\/Schermata-2026-02-17-alle-15.59.51-300x189.png 300w\" sizes=\"(max-width: 702px) 100vw, 702px\" \/>\t\t\t\t\t\t\t\t\t\t\t\t\t\t\t<\/div>\n\t\t\t\t<\/div>\n\t\t\t\t<\/div>\n\t\t<div class=\"elementor-element elementor-element-40b1793 e-con-full e-flex e-con e-child\" data-id=\"40b1793\" data-element_type=\"container\" data-e-type=\"container\">\n\t\t\t\t<div class=\"elementor-element elementor-element-cc9926b elementor-widget elementor-widget-text-editor\" data-id=\"cc9926b\" data-element_type=\"widget\" data-e-type=\"widget\" data-widget_type=\"text-editor.default\">\n\t\t\t\t<div class=\"elementor-widget-container\">\n\t\t\t\t\t\t\t\t\t<h1 class=\"entry-title\">IL MIO CORPO<\/h1><div class=\"entry-meta\"><span class=\"posted-on\"><time class=\"entry-date published\" datetime=\"2021-08-27T20:40:10+02:00\">27 Agosto 2021<\/time><\/span>\u00a0<span class=\"byline\">di\u00a0<span class=\"author vcard\"><a class=\"url fn n\" title=\"Visualizza tutti gli articoli di Federico\" href=\"https:\/\/ital2.org\/author\/federicoalbertini\/\" rel=\"author\"><span class=\"author-name\">Federico<\/span><\/a><\/span><\/span><\/div>\t\t\t\t\t\t\t\t<\/div>\n\t\t\t\t<\/div>\n\t\t\t\t<\/div>\n\t\t<div class=\"elementor-element elementor-element-fadf661 e-con-full e-flex e-con e-child\" data-id=\"fadf661\" data-element_type=\"container\" data-e-type=\"container\">\n\t\t\t\t<div class=\"elementor-element elementor-element-a57adce elementor-align-center elementor-widget elementor-widget-button\" data-id=\"a57adce\" data-element_type=\"widget\" data-e-type=\"widget\" data-widget_type=\"button.default\">\n\t\t\t\t<div class=\"elementor-widget-container\">\n\t\t\t\t\t\t\t\t\t<div class=\"elementor-button-wrapper\">\n\t\t\t\t\t<a class=\"elementor-button elementor-button-link elementor-size-sm\" href=\"https:\/\/ital2.org\/test\/2026\/02\/22\/il-mio-corpo\/\">\n\t\t\t\t\t\t<span class=\"elementor-button-content-wrapper\">\n\t\t\t\t\t\t\t\t\t<span class=\"elementor-button-text\">ATTIVIT\u00c0 1<\/span>\n\t\t\t\t\t<\/span>\n\t\t\t\t\t<\/a>\n\t\t\t\t<\/div>\n\t\t\t\t\t\t\t\t<\/div>\n\t\t\t\t<\/div>\n\t\t\t\t<\/div>\n\t\t\t\t\t<\/div>\n\t\t\t\t<\/div>\n\t\t<div class=\"elementor-element elementor-element-6ffd4ea e-flex e-con-boxed e-con e-parent\" data-id=\"6ffd4ea\" data-element_type=\"container\" data-e-type=\"container\">\n\t\t\t\t\t<div class=\"e-con-inner\">\n\t\t<div class=\"elementor-element elementor-element-28ceb2b e-con-full e-flex e-con e-child\" data-id=\"28ceb2b\" data-element_type=\"container\" data-e-type=\"container\">\n\t\t\t\t<div class=\"elementor-element elementor-element-5aa48f4 elementor-widget elementor-widget-image\" data-id=\"5aa48f4\" data-element_type=\"widget\" data-e-type=\"widget\" data-widget_type=\"image.default\">\n\t\t\t\t<div class=\"elementor-widget-container\">\n\t\t\t\t\t\t\t\t\t\t\t\t\t\t\t<img decoding=\"async\" width=\"702\" height=\"452\" src=\"https:\/\/ital2.org\/test\/wp-content\/uploads\/sites\/33\/2026\/02\/Schermata-2026-02-17-alle-16.00.49.png\" class=\"attachment-full size-full wp-image-1738\" alt=\"\" srcset=\"https:\/\/ital2.org\/test\/wp-content\/uploads\/sites\/33\/2026\/02\/Schermata-2026-02-17-alle-16.00.49.png 702w, https:\/\/ital2.org\/test\/wp-content\/uploads\/sites\/33\/2026\/02\/Schermata-2026-02-17-alle-16.00.49-300x193.png 300w\" sizes=\"(max-width: 702px) 100vw, 702px\" \/>\t\t\t\t\t\t\t\t\t\t\t\t\t\t\t<\/div>\n\t\t\t\t<\/div>\n\t\t\t\t<\/div>\n\t\t<div class=\"elementor-element elementor-element-1998f7a e-con-full e-flex e-con e-child\" data-id=\"1998f7a\" data-element_type=\"container\" data-e-type=\"container\">\n\t\t\t\t<div class=\"elementor-element elementor-element-e1043a5 elementor-widget elementor-widget-text-editor\" data-id=\"e1043a5\" data-element_type=\"widget\" data-e-type=\"widget\" data-widget_type=\"text-editor.default\">\n\t\t\t\t<div class=\"elementor-widget-container\">\n\t\t\t\t\t\t\t\t\t<h1 class=\"entry-title\">LA MIA FAMIGLIA<\/h1><div class=\"entry-meta\"><span class=\"posted-on\"><time class=\"entry-date published\" datetime=\"2021-08-28T17:46:39+02:00\">28 Agosto 2021<\/time><\/span>\u00a0<span class=\"byline\">di\u00a0<span class=\"author vcard\"><a class=\"url fn n\" title=\"Visualizza tutti gli articoli di Federico\" href=\"https:\/\/ital2.org\/author\/federicoalbertini\/\" rel=\"author\"><span class=\"author-name\">Federico<\/span><\/a><\/span><\/span><\/div>\t\t\t\t\t\t\t\t<\/div>\n\t\t\t\t<\/div>\n\t\t\t\t<\/div>\n\t\t<div class=\"elementor-element elementor-element-c7d8cbf e-con-full e-flex e-con e-child\" data-id=\"c7d8cbf\" data-element_type=\"container\" data-e-type=\"container\">\n\t\t\t\t<div class=\"elementor-element elementor-element-fda44bd elementor-align-center elementor-widget elementor-widget-button\" data-id=\"fda44bd\" data-element_type=\"widget\" data-e-type=\"widget\" data-widget_type=\"button.default\">\n\t\t\t\t<div class=\"elementor-widget-container\">\n\t\t\t\t\t\t\t\t\t<div class=\"elementor-button-wrapper\">\n\t\t\t\t\t<a class=\"elementor-button elementor-button-link elementor-size-sm\" href=\"https:\/\/ital2.org\/test\/2026\/02\/23\/la-mia-famiglia\/\">\n\t\t\t\t\t\t<span class=\"elementor-button-content-wrapper\">\n\t\t\t\t\t\t\t\t\t<span class=\"elementor-button-text\">ATTIVIT\u00c0 1<\/span>\n\t\t\t\t\t<\/span>\n\t\t\t\t\t<\/a>\n\t\t\t\t<\/div>\n\t\t\t\t\t\t\t\t<\/div>\n\t\t\t\t<\/div>\n\t\t\t\t<\/div>\n\t\t\t\t\t<\/div>\n\t\t\t\t<\/div>\n\t\t<div class=\"elementor-element elementor-element-6a4e6c2 e-flex e-con-boxed e-con e-parent\" data-id=\"6a4e6c2\" data-element_type=\"container\" data-e-type=\"container\">\n\t\t\t\t\t<div class=\"e-con-inner\">\n\t\t<div class=\"elementor-element elementor-element-4105253 e-con-full e-flex e-con e-child\" data-id=\"4105253\" data-element_type=\"container\" data-e-type=\"container\">\n\t\t\t\t<div class=\"elementor-element elementor-element-2f757c5 elementor-widget elementor-widget-image\" data-id=\"2f757c5\" data-element_type=\"widget\" data-e-type=\"widget\" data-widget_type=\"image.default\">\n\t\t\t\t<div class=\"elementor-widget-container\">\n\t\t\t\t\t\t\t\t\t\t\t\t\t\t\t<img loading=\"lazy\" decoding=\"async\" width=\"698\" height=\"448\" src=\"https:\/\/ital2.org\/test\/wp-content\/uploads\/sites\/33\/2026\/02\/Schermata-2026-02-17-alle-16.02.20.png\" class=\"attachment-full size-full wp-image-1739\" alt=\"\" srcset=\"https:\/\/ital2.org\/test\/wp-content\/uploads\/sites\/33\/2026\/02\/Schermata-2026-02-17-alle-16.02.20.png 698w, https:\/\/ital2.org\/test\/wp-content\/uploads\/sites\/33\/2026\/02\/Schermata-2026-02-17-alle-16.02.20-300x193.png 300w\" sizes=\"(max-width: 698px) 100vw, 698px\" \/>\t\t\t\t\t\t\t\t\t\t\t\t\t\t\t<\/div>\n\t\t\t\t<\/div>\n\t\t\t\t<\/div>\n\t\t<div class=\"elementor-element elementor-element-7d2fd82 e-con-full e-flex e-con e-child\" data-id=\"7d2fd82\" data-element_type=\"container\" data-e-type=\"container\">\n\t\t\t\t<div class=\"elementor-element elementor-element-c6f3212 elementor-widget elementor-widget-text-editor\" data-id=\"c6f3212\" data-element_type=\"widget\" data-e-type=\"widget\" data-widget_type=\"text-editor.default\">\n\t\t\t\t<div class=\"elementor-widget-container\">\n\t\t\t\t\t\t\t\t\t<h1 class=\"entry-title\">LA MIA AULA<\/h1><div class=\"entry-meta\"><span class=\"posted-on\"><time class=\"entry-date published\" datetime=\"2021-08-29T22:00:37+02:00\">29 Agosto 2021<\/time><\/span>\u00a0<span class=\"byline\">di\u00a0<span class=\"author vcard\"><a class=\"url fn n\" title=\"Visualizza tutti gli articoli di Federico\" href=\"https:\/\/ital2.org\/author\/federicoalbertini\/\" rel=\"author\"><span class=\"author-name\">Federico<\/span><\/a><\/span><\/span><\/div>\t\t\t\t\t\t\t\t<\/div>\n\t\t\t\t<\/div>\n\t\t\t\t<\/div>\n\t\t<div class=\"elementor-element elementor-element-19dc215 e-con-full e-flex e-con e-child\" data-id=\"19dc215\" data-element_type=\"container\" data-e-type=\"container\">\n\t\t\t\t<div class=\"elementor-element elementor-element-499b37d elementor-align-center elementor-widget elementor-widget-button\" data-id=\"499b37d\" data-element_type=\"widget\" data-e-type=\"widget\" data-widget_type=\"button.default\">\n\t\t\t\t<div class=\"elementor-widget-container\">\n\t\t\t\t\t\t\t\t\t<div class=\"elementor-button-wrapper\">\n\t\t\t\t\t<a class=\"elementor-button elementor-button-link elementor-size-sm\" href=\"https:\/\/ital2.org\/test\/2026\/02\/23\/la-mia-aula\/\">\n\t\t\t\t\t\t<span class=\"elementor-button-content-wrapper\">\n\t\t\t\t\t\t\t\t\t<span class=\"elementor-button-text\">ATTIVIT\u00c0 1<\/span>\n\t\t\t\t\t<\/span>\n\t\t\t\t\t<\/a>\n\t\t\t\t<\/div>\n\t\t\t\t\t\t\t\t<\/div>\n\t\t\t\t<\/div>\n\t\t\t\t<\/div>\n\t\t\t\t\t<\/div>\n\t\t\t\t<\/div>\n\t\t<div class=\"elementor-element elementor-element-e5c77a1 e-flex e-con-boxed e-con e-parent\" data-id=\"e5c77a1\" data-element_type=\"container\" data-e-type=\"container\">\n\t\t\t\t\t<div class=\"e-con-inner\">\n\t\t<div class=\"elementor-element elementor-element-211ff84 e-con-full e-flex e-con e-child\" data-id=\"211ff84\" data-element_type=\"container\" data-e-type=\"container\">\n\t\t\t\t<div class=\"elementor-element elementor-element-0bd6c15 elementor-widget elementor-widget-image\" data-id=\"0bd6c15\" data-element_type=\"widget\" data-e-type=\"widget\" data-widget_type=\"image.default\">\n\t\t\t\t<div class=\"elementor-widget-container\">\n\t\t\t\t\t\t\t\t\t\t\t\t\t\t\t<img loading=\"lazy\" decoding=\"async\" width=\"698\" height=\"456\" src=\"https:\/\/ital2.org\/test\/wp-content\/uploads\/sites\/33\/2026\/02\/Schermata-2026-02-17-alle-16.03.55.png\" class=\"attachment-full size-full wp-image-1740\" alt=\"\" srcset=\"https:\/\/ital2.org\/test\/wp-content\/uploads\/sites\/33\/2026\/02\/Schermata-2026-02-17-alle-16.03.55.png 698w, https:\/\/ital2.org\/test\/wp-content\/uploads\/sites\/33\/2026\/02\/Schermata-2026-02-17-alle-16.03.55-300x196.png 300w\" sizes=\"(max-width: 698px) 100vw, 698px\" \/>\t\t\t\t\t\t\t\t\t\t\t\t\t\t\t<\/div>\n\t\t\t\t<\/div>\n\t\t\t\t<\/div>\n\t\t<div class=\"elementor-element elementor-element-53f6732 e-con-full e-flex e-con e-child\" data-id=\"53f6732\" data-element_type=\"container\" data-e-type=\"container\">\n\t\t\t\t<div class=\"elementor-element elementor-element-9495c09 elementor-widget elementor-widget-text-editor\" data-id=\"9495c09\" data-element_type=\"widget\" data-e-type=\"widget\" data-widget_type=\"text-editor.default\">\n\t\t\t\t<div class=\"elementor-widget-container\">\n\t\t\t\t\t\t\t\t\t<div class=\"entry-meta\"><h1 class=\"entry-title\">GLI ANIMALI<\/h1><div class=\"entry-meta\"><span class=\"posted-on\"><time class=\"entry-date published\" datetime=\"2021-08-26T01:18:05+02:00\">26 Agosto 2021<\/time><\/span>\u00a0<span class=\"byline\">di\u00a0<span class=\"author vcard\"><a class=\"url fn n\" title=\"Visualizza tutti gli articoli di Federico\" href=\"https:\/\/ital2.org\/author\/federicoalbertini\/\" rel=\"author\"><span class=\"author-name\">Federico<\/span><\/a><\/span><\/span><\/div><\/div>\t\t\t\t\t\t\t\t<\/div>\n\t\t\t\t<\/div>\n\t\t\t\t<\/div>\n\t\t<div class=\"elementor-element elementor-element-a9fabf4 e-con-full e-flex e-con e-child\" data-id=\"a9fabf4\" data-element_type=\"container\" data-e-type=\"container\">\n\t\t\t\t<div class=\"elementor-element elementor-element-6cb804c elementor-align-center elementor-widget elementor-widget-button\" data-id=\"6cb804c\" data-element_type=\"widget\" data-e-type=\"widget\" data-widget_type=\"button.default\">\n\t\t\t\t<div class=\"elementor-widget-container\">\n\t\t\t\t\t\t\t\t\t<div class=\"elementor-button-wrapper\">\n\t\t\t\t\t<a class=\"elementor-button elementor-button-link elementor-size-sm\" href=\"https:\/\/ital2.org\/test\/2026\/02\/23\/gli-animali\/\">\n\t\t\t\t\t\t<span class=\"elementor-button-content-wrapper\">\n\t\t\t\t\t\t\t\t\t<span class=\"elementor-button-text\">ATTIVIT\u00c0 1<\/span>\n\t\t\t\t\t<\/span>\n\t\t\t\t\t<\/a>\n\t\t\t\t<\/div>\n\t\t\t\t\t\t\t\t<\/div>\n\t\t\t\t<\/div>\n\t\t\t\t<\/div>\n\t\t\t\t\t<\/div>\n\t\t\t\t<\/div>\n\t\t<div class=\"elementor-element elementor-element-03abb2b e-flex e-con-boxed e-con e-parent\" data-id=\"03abb2b\" data-element_type=\"container\" data-e-type=\"container\">\n\t\t\t\t\t<div class=\"e-con-inner\">\n\t\t<div class=\"elementor-element elementor-element-2f6b6f6 e-con-full e-flex e-con e-child\" data-id=\"2f6b6f6\" data-element_type=\"container\" data-e-type=\"container\">\n\t\t\t\t<div class=\"elementor-element elementor-element-d251728 elementor-widget__width-inherit elementor-widget elementor-widget-image\" data-id=\"d251728\" data-element_type=\"widget\" data-e-type=\"widget\" data-widget_type=\"image.default\">\n\t\t\t\t<div class=\"elementor-widget-container\">\n\t\t\t\t\t\t\t\t\t\t\t\t\t\t\t<img loading=\"lazy\" decoding=\"async\" width=\"708\" height=\"440\" src=\"https:\/\/ital2.org\/test\/wp-content\/uploads\/sites\/33\/2026\/02\/Schermata-2026-02-17-alle-16.04.48.png\" class=\"attachment-full size-full wp-image-1741\" alt=\"\" srcset=\"https:\/\/ital2.org\/test\/wp-content\/uploads\/sites\/33\/2026\/02\/Schermata-2026-02-17-alle-16.04.48.png 708w, https:\/\/ital2.org\/test\/wp-content\/uploads\/sites\/33\/2026\/02\/Schermata-2026-02-17-alle-16.04.48-300x186.png 300w\" sizes=\"(max-width: 708px) 100vw, 708px\" \/>\t\t\t\t\t\t\t\t\t\t\t\t\t\t\t<\/div>\n\t\t\t\t<\/div>\n\t\t\t\t<\/div>\n\t\t<div class=\"elementor-element elementor-element-c419b83 e-con-full e-flex e-con e-child\" data-id=\"c419b83\" data-element_type=\"container\" data-e-type=\"container\">\n\t\t\t\t<div class=\"elementor-element elementor-element-08810a2 elementor-widget__width-initial elementor-widget elementor-widget-text-editor\" data-id=\"08810a2\" data-element_type=\"widget\" data-e-type=\"widget\" data-widget_type=\"text-editor.default\">\n\t\t\t\t<div class=\"elementor-widget-container\">\n\t\t\t\t\t\t\t\t\t<h1 class=\"entry-title\">I CONTRARI<\/h1><div class=\"entry-meta\"><span class=\"posted-on\"><time class=\"entry-date published\" datetime=\"2021-08-26T20:16:46+02:00\">26 Agosto 2021<\/time><\/span>\u00a0<span class=\"byline\">di\u00a0<span class=\"author vcard\"><a class=\"url fn n\" title=\"Visualizza tutti gli articoli di Federico\" href=\"https:\/\/ital2.org\/author\/federicoalbertini\/\" rel=\"author\"><span class=\"author-name\">Federico<\/span><\/a><\/span><\/span><\/div>\t\t\t\t\t\t\t\t<\/div>\n\t\t\t\t<\/div>\n\t\t\t\t<\/div>\n\t\t<div class=\"elementor-element elementor-element-273227d e-con-full e-flex e-con e-child\" data-id=\"273227d\" data-element_type=\"container\" data-e-type=\"container\">\n\t\t\t\t<div class=\"elementor-element elementor-element-69a8ea2 elementor-align-justify elementor-widget elementor-widget-button\" data-id=\"69a8ea2\" data-element_type=\"widget\" data-e-type=\"widget\" data-widget_type=\"button.default\">\n\t\t\t\t<div class=\"elementor-widget-container\">\n\t\t\t\t\t\t\t\t\t<div class=\"elementor-button-wrapper\">\n\t\t\t\t\t<a class=\"elementor-button elementor-button-link elementor-size-sm\" href=\"https:\/\/ital2.org\/test\/2026\/02\/23\/i-contrari\/\">\n\t\t\t\t\t\t<span class=\"elementor-button-content-wrapper\">\n\t\t\t\t\t\t\t\t\t<span class=\"elementor-button-text\">ATTIVIT\u00c0 1<\/span>\n\t\t\t\t\t<\/span>\n\t\t\t\t\t<\/a>\n\t\t\t\t<\/div>\n\t\t\t\t\t\t\t\t<\/div>\n\t\t\t\t<\/div>\n\t\t\t\t<\/div>\n\t\t\t\t\t<\/div>\n\t\t\t\t<\/div>\n\t\t<div class=\"elementor-element elementor-element-1b2dde8 e-flex e-con-boxed e-con e-parent\" data-id=\"1b2dde8\" data-element_type=\"container\" data-e-type=\"container\">\n\t\t\t\t\t<div class=\"e-con-inner\">\n\t\t<div class=\"elementor-element elementor-element-19ea906 e-con-full e-flex e-con e-child\" data-id=\"19ea906\" data-element_type=\"container\" data-e-type=\"container\">\n\t\t\t\t<div class=\"elementor-element elementor-element-97c2c12 elementor-widget elementor-widget-image\" data-id=\"97c2c12\" data-element_type=\"widget\" data-e-type=\"widget\" data-widget_type=\"image.default\">\n\t\t\t\t<div class=\"elementor-widget-container\">\n\t\t\t\t\t\t\t\t\t\t\t\t\t\t\t<img loading=\"lazy\" decoding=\"async\" width=\"1928\" height=\"1014\" src=\"https:\/\/ital2.org\/test\/wp-content\/uploads\/sites\/33\/2026\/02\/Schermata-2026-02-17-alle-16.07.20.png\" class=\"attachment-full size-full wp-image-1742\" alt=\"\" srcset=\"https:\/\/ital2.org\/test\/wp-content\/uploads\/sites\/33\/2026\/02\/Schermata-2026-02-17-alle-16.07.20.png 1928w, https:\/\/ital2.org\/test\/wp-content\/uploads\/sites\/33\/2026\/02\/Schermata-2026-02-17-alle-16.07.20-300x158.png 300w, https:\/\/ital2.org\/test\/wp-content\/uploads\/sites\/33\/2026\/02\/Schermata-2026-02-17-alle-16.07.20-1024x539.png 1024w, https:\/\/ital2.org\/test\/wp-content\/uploads\/sites\/33\/2026\/02\/Schermata-2026-02-17-alle-16.07.20-768x404.png 768w, https:\/\/ital2.org\/test\/wp-content\/uploads\/sites\/33\/2026\/02\/Schermata-2026-02-17-alle-16.07.20-1536x808.png 1536w\" sizes=\"(max-width: 1928px) 100vw, 1928px\" \/>\t\t\t\t\t\t\t\t\t\t\t\t\t\t\t<\/div>\n\t\t\t\t<\/div>\n\t\t\t\t<\/div>\n\t\t<div class=\"elementor-element elementor-element-b057319 e-con-full e-flex e-con e-child\" data-id=\"b057319\" data-element_type=\"container\" data-e-type=\"container\">\n\t\t\t\t<div class=\"elementor-element elementor-element-8973f05 elementor-widget elementor-widget-text-editor\" data-id=\"8973f05\" data-element_type=\"widget\" data-e-type=\"widget\" data-widget_type=\"text-editor.default\">\n\t\t\t\t<div class=\"elementor-widget-container\">\n\t\t\t\t\t\t\t\t\t<h1 class=\"entry-title\">GIOCABOLARIO: IL SITO<\/h1><div class=\"entry-meta\"><span class=\"posted-on\"><time class=\"entry-date published\" datetime=\"2021-08-26T20:16:46+02:00\">10 Settembre 2021<\/time><\/span>\u00a0<span class=\"byline\">di\u00a0<span class=\"author vcard\"><a class=\"url fn n\" title=\"Visualizza tutti gli articoli di Federico\" href=\"https:\/\/ital2.org\/author\/federicoalbertini\/\" rel=\"author\"><span class=\"author-name\">Federico<\/span><\/a><\/span><\/span><\/div>\t\t\t\t\t\t\t\t<\/div>\n\t\t\t\t<\/div>\n\t\t\t\t<\/div>\n\t\t<div class=\"elementor-element elementor-element-5a90a0f e-con-full e-flex e-con e-child\" data-id=\"5a90a0f\" data-element_type=\"container\" data-e-type=\"container\">\n\t\t\t\t<div class=\"elementor-element elementor-element-b27841e elementor-align-center elementor-widget elementor-widget-button\" data-id=\"b27841e\" data-element_type=\"widget\" data-e-type=\"widget\" data-widget_type=\"button.default\">\n\t\t\t\t<div class=\"elementor-widget-container\">\n\t\t\t\t\t\t\t\t\t<div class=\"elementor-button-wrapper\">\n\t\t\t\t\t<a class=\"elementor-button elementor-button-link elementor-size-sm\" href=\"https:\/\/ital2.org\/giocabolario\/\">\n\t\t\t\t\t\t<span class=\"elementor-button-content-wrapper\">\n\t\t\t\t\t\t\t\t\t<span class=\"elementor-button-text\">SITO WEB<\/span>\n\t\t\t\t\t<\/span>\n\t\t\t\t\t<\/a>\n\t\t\t\t<\/div>\n\t\t\t\t\t\t\t\t<\/div>\n\t\t\t\t<\/div>\n\t\t\t\t<\/div>\n\t\t\t\t\t<\/div>\n\t\t\t\t<\/div>\n\t\t\t\t<\/div>\n\t\t","protected":false},"excerpt":{"rendered":"<p>GIOCABOLARIO BENVENUTI E BENVENUTE GIOCABOLARIO \u00e8 un sito dedicato a bambini e bambine dai 3 ai 5 ann e alle loro famiglie, \u00e8 ricco di attivit\u00e0 digitali che stimolano la comprensione e l\u2019uso della lingua italiana. Seguendo il percorso organizzato impariamo a giocare e a parlare. Buon divertimento. LA MIA CASA 30 Agosto 2021\u00a0di\u00a0Federico ATTIVIT\u00c0 [&hellip;]<\/p>\n","protected":false},"author":179,"featured_media":0,"parent":0,"menu_order":9,"comment_status":"closed","ping_status":"closed","template":"","meta":{"footnotes":""},"class_list":["post-1662","page","type-page","status-publish","hentry"],"_links":{"self":[{"href":"https:\/\/ital2.org\/test\/wp-json\/wp\/v2\/pages\/1662","targetHints":{"allow":["GET"]}}],"collection":[{"href":"https:\/\/ital2.org\/test\/wp-json\/wp\/v2\/pages"}],"about":[{"href":"https:\/\/ital2.org\/test\/wp-json\/wp\/v2\/types\/page"}],"author":[{"embeddable":true,"href":"https:\/\/ital2.org\/test\/wp-json\/wp\/v2\/users\/179"}],"replies":[{"embeddable":true,"href":"https:\/\/ital2.org\/test\/wp-json\/wp\/v2\/comments?post=1662"}],"version-history":[{"count":33,"href":"https:\/\/ital2.org\/test\/wp-json\/wp\/v2\/pages\/1662\/revisions"}],"predecessor-version":[{"id":2564,"href":"https:\/\/ital2.org\/test\/wp-json\/wp\/v2\/pages\/1662\/revisions\/2564"}],"wp:attachment":[{"href":"https:\/\/ital2.org\/test\/wp-json\/wp\/v2\/media?parent=1662"}],"curies":[{"name":"wp","href":"https:\/\/api.w.org\/{rel}","templated":true}]}}